{"id":1384,"date":"2023-10-08T10:54:09","date_gmt":"2023-10-08T13:54:09","guid":{"rendered":"https:\/\/candlis.com.br\/?post_type=product&#038;p=1384"},"modified":"2023-10-08T14:18:43","modified_gmt":"2023-10-08T17:18:43","slug":"oleo-essencial-lavanda-bulgaria-10ml-aromalife","status":"publish","type":"product","link":"https:\/\/candlis.com.br\/?product=oleo-essencial-lavanda-bulgaria-10ml-aromalife","title":{"rendered":"\u00d3leo Essencial &#8211; Lavanda Bulg\u00e1ria 10ML &#8211; Aromalife"},"content":{"rendered":"\n<p>Origem: Bulg\u00e1ria<br><br>M\u00e9todo de extra\u00e7\u00e3o: Destila\u00e7\u00e3o a vapor das flores<br><br>Certifica\u00e7\u00e3o: IBD Ingredientes Naturais \/ IBD Vegano<br><br>Composi\u00e7\u00e3o: Lavandula Angustifolia Flower Oil (Linalool, d-Limonene). Natural da pr\u00f3pria planta.<\/p>\n","protected":false},"excerpt":{"rendered":"<p>Origem: Bulg\u00e1ria M\u00e9todo de extra\u00e7\u00e3o: Destila\u00e7\u00e3o a vapor das flores Certifica\u00e7\u00e3o: IBD Ingredientes Naturais \/ IBD Vegano Composi\u00e7\u00e3o: Lavandula Angustifolia Flower Oil (Linalool, d-Limonene). Natural da pr\u00f3pria planta.<\/p>\n","protected":false},"featured_media":1418,"comment_status":"open","ping_status":"closed","template":"","meta":[],"product_brand":[],"product_cat":[45],"product_tag":[],"class_list":{"0":"post-1384","1":"product","2":"type-product","3":"status-publish","4":"has-post-thumbnail","6":"product_cat-oleos-essencias","8":"first","9":"instock","10":"shipping-taxable","11":"purchasable","12":"product-type-simple"},"_links":{"self":[{"href":"https:\/\/candlis.com.br\/index.php?rest_route=\/wp\/v2\/product\/1384","targetHints":{"allow":["GET"]}}],"collection":[{"href":"https:\/\/candlis.com.br\/index.php?rest_route=\/wp\/v2\/product"}],"about":[{"href":"https:\/\/candlis.com.br\/index.php?rest_route=\/wp\/v2\/types\/product"}],"replies":[{"embeddable":true,"href":"https:\/\/candlis.com.br\/index.php?rest_route=%2Fwp%2Fv2%2Fcomments&post=1384"}],"wp:featuredmedia":[{"embeddable":true,"href":"https:\/\/candlis.com.br\/index.php?rest_route=\/wp\/v2\/media\/1418"}],"wp:attachment":[{"href":"https:\/\/candlis.com.br\/index.php?rest_route=%2Fwp%2Fv2%2Fmedia&parent=1384"}],"wp:term":[{"taxonomy":"product_brand","embeddable":true,"href":"https:\/\/candlis.com.br\/index.php?rest_route=%2Fwp%2Fv2%2Fproduct_brand&post=1384"},{"taxonomy":"product_cat","embeddable":true,"href":"https:\/\/candlis.com.br\/index.php?rest_route=%2Fwp%2Fv2%2Fproduct_cat&post=1384"},{"taxonomy":"product_tag","embeddable":true,"href":"https:\/\/candlis.com.br\/index.php?rest_route=%2Fwp%2Fv2%2Fproduct_tag&post=1384"}],"curies":[{"name":"wp","href":"https:\/\/api.w.org\/{rel}","templated":true}]}}