{"id":1411,"date":"2023-10-08T13:44:31","date_gmt":"2023-10-08T16:44:31","guid":{"rendered":"https:\/\/candlis.com.br\/?post_type=product&#038;p=1411"},"modified":"2023-10-08T14:00:51","modified_gmt":"2023-10-08T17:00:51","slug":"blend-oleo-essencial-roll-on","status":"publish","type":"product","link":"https:\/\/candlis.com.br\/?product=blend-oleo-essencial-roll-on","title":{"rendered":"Blend \u00d3leo Essencial &#8211; Roll-on"},"content":{"rendered":"\n<p>Os blends de \u00f3leos essenciais s\u00e3o sinergias poderosas para ajudar com objetivos espec\u00edficos. E para facilitar ainda mais a sua rotina, temos os Blends Roll-on j\u00e1 dilu\u00eddos em \u00f3leo vegetal para usar na pele com seguran\u00e7a.<\/p>\n","protected":false},"excerpt":{"rendered":"<p><font><\/font><\/p>\n","protected":false},"featured_media":1413,"comment_status":"open","ping_status":"closed","template":"","meta":[],"product_brand":[],"product_cat":[45],"product_tag":[],"class_list":{"0":"post-1411","1":"product","2":"type-product","3":"status-publish","4":"has-post-thumbnail","6":"product_cat-oleos-essencias","8":"first","9":"instock","10":"shipping-taxable","11":"product-type-simple"},"_links":{"self":[{"href":"https:\/\/candlis.com.br\/index.php?rest_route=\/wp\/v2\/product\/1411","targetHints":{"allow":["GET"]}}],"collection":[{"href":"https:\/\/candlis.com.br\/index.php?rest_route=\/wp\/v2\/product"}],"about":[{"href":"https:\/\/candlis.com.br\/index.php?rest_route=\/wp\/v2\/types\/product"}],"replies":[{"embeddable":true,"href":"https:\/\/candlis.com.br\/index.php?rest_route=%2Fwp%2Fv2%2Fcomments&post=1411"}],"wp:featuredmedia":[{"embeddable":true,"href":"https:\/\/candlis.com.br\/index.php?rest_route=\/wp\/v2\/media\/1413"}],"wp:attachment":[{"href":"https:\/\/candlis.com.br\/index.php?rest_route=%2Fwp%2Fv2%2Fmedia&parent=1411"}],"wp:term":[{"taxonomy":"product_brand","embeddable":true,"href":"https:\/\/candlis.com.br\/index.php?rest_route=%2Fwp%2Fv2%2Fproduct_brand&post=1411"},{"taxonomy":"product_cat","embeddable":true,"href":"https:\/\/candlis.com.br\/index.php?rest_route=%2Fwp%2Fv2%2Fproduct_cat&post=1411"},{"taxonomy":"product_tag","embeddable":true,"href":"https:\/\/candlis.com.br\/index.php?rest_route=%2Fwp%2Fv2%2Fproduct_tag&post=1411"}],"curies":[{"name":"wp","href":"https:\/\/api.w.org\/{rel}","templated":true}]}}